{"id":196,"date":"2018-09-26T15:55:35","date_gmt":"2018-09-26T15:55:35","guid":{"rendered":"https:\/\/sattui.org\/?page_id=196"},"modified":"2024-04-10T12:00:36","modified_gmt":"2024-04-10T12:00:36","slug":"contacte","status":"publish","type":"page","link":"https:\/\/sattui.org\/?page_id=196&lang=ca","title":{"rendered":"Contacte"},"content":{"rendered":"<p style=\"text-align: justify;\">Si ho desitges, pots fer-nos arribar els teus suggeriments, preguntar-nos dubtes, sol\u00b7licitar-nos informaci\u00f3 sobre el sindicat o el seu funcionament o comunicar-nos la violaci\u00f3 dels drets d&#8217;algun treballador escrivint-nos a l&#8217;adre\u00e7a de correu electr\u00f2nic: <a href=\"mailto:sattui@sattui.org\">sattui@sattui.org<\/a>.<\/p>\n<p style=\"text-align: justify;\">Podem quedar amb tu en el teu lloc de treball, en qualsevol lloc proper al mateix o en alguna de les cafeteries properes per a resoldre els teus dubtes i ajudar-te.<\/p>\n<p style=\"text-align: justify;\">Si vols afiliar-te, accedeix a la nostra <a href=\"https:\/\/sattui.org\/?page_id=314&amp;lang=ca\">p\u00e0gina d&#8217;afiliaci\u00f3.<\/a><\/p>\n<p style=\"text-align: justify;\">L&#8217;equip de SATTUi.<\/p>\n<hr \/>\n<h3>Seus de SATTUi a la Comunitat Valenciana<\/h3>\n<p><strong>SATTUi a la Universitat de Val\u00e8ncia \u2013 Estudi General (UVEG)<\/strong><br \/>\nLocals Sindicals (al costat de la Facultat de Psicologia), despatx n\u00fam. 5.<br \/>\nAv. de Blasco Ib\u00e1\u00f1ez, n\u00fam. 21.<br \/>\n46010 \u2013 Val\u00e8ncia<br \/>\nTel.: 96 386 49 59 \u2013 722 23 08 04<br \/>\nCorreu electr\u00f2nic: sattui@uv.es<\/p>\n<p><strong>SATTUi a la Universitat Polit\u00e8cnica de Val\u00e8ncia (UPV)<\/strong><br \/>\nLocals Sindicals (edifici 8H)<br \/>\nCam\u00ed de Vera S\/N<br \/>\n46022 \u2013 Val\u00e8ncia<br \/>\nTel. 67.39.38.36.1 (Des de dins de la UPV \u00e9s l&#8217;extensi\u00f3 10025)<br \/>\nCorreu electr\u00f2nic: sattui@upv.es<\/p>\n<p><strong>SATTUi Campanya antic personal becari<\/strong><br \/>\nTelf.: 96 386 49 59 &#8211; 722 23 08 04<br \/>\nCorreu electr\u00f2nic: sattuiab@uv.es<\/p>\n<hr \/>\n<h3>Informaci\u00f3 b\u00e0sica sobre protecci\u00f3 de dades<\/h3>\n<p style=\"text-align: justify;\">Les dades facilitades solament s&#8217;utilitzaran per a respondre a la teua sol\u00b7licitud.<\/p>\n<p style=\"text-align: justify;\">Responsable: <strong>SATTUi. CIF: G40510562. <\/strong><\/p>\n<p style=\"text-align: justify;\">Finalitat: <strong>Atendre la seua sol\u00b7licitud o consulta. <\/strong><\/p>\n<p style=\"text-align: justify;\">Legitimaci\u00f3: <strong>Consentiment. <\/strong><\/p>\n<p style=\"text-align: justify;\">Destinataris: <strong>No se cediran les seues dades a tercers sense el consentiment de l&#8217;interessat excepte obligaci\u00f3 legal. <\/strong><\/p>\n<p style=\"text-align: justify;\">Derechos: <strong>Acc\u00e9s, rectificaci\u00f3, supressi\u00f3, oposici\u00f3 i limitaci\u00f3 del tractament. <\/strong><\/p>\n<p style=\"text-align: justify;\">Conforme al Reglament General de Protecci\u00f3 de Dades 2016\/679 (RGPD) del Parlament Europeu i del Consell de 27 d&#8217;abril de 2016, que va entrar en vigor el 25 de maig de 2018 l&#8217;informem que les dades proporcionades s&#8217;emmagatzemaran en un fitxer de dades a nom de SATTUi, amb CIF G40510562 i que ha sigut creat exclusivament amb la finalitat de poder prestar-li els nostres serveis sindicals. No se cediran les seues dades a tercers, llevat que aix\u00ed ho exigisquen les lleis.<\/p>\n<p style=\"text-align: justify;\">Les dades de car\u00e0cter personal que vost\u00e8 ens comunique serviran \u00daNICAMENT per a respondre dubtes, resoldre incid\u00e8ncies o informar-lo sobre els nostres serveis i no s&#8217;emmagatzemaran en els nostres sistemes m\u00e9s temps del que resulte necessari per a resoldre la seua sol\u00b7licitud.<\/p>\n<p style=\"text-align: justify;\">Aquesta web i els serveis de correu electr\u00f2nic que utilitzem, estan allotjats en Infoclick S.L., qui compleix amb el RGPD conforme a el que s&#8217;estableix per la Uni\u00f3 Europea.<\/p>\n<p style=\"text-align: justify;\">Pot exercitar els drets d&#8217;acc\u00e9s, rectificaci\u00f3, supressi\u00f3, oposici\u00f3 i limitaci\u00f3 del tractament a trav\u00e9s del compte de correu electr\u00f2nic <a href=\"mailto:rgpd@sattui.org\">rgpd@sattui.org<\/a><\/p>\n<p style=\"text-align: justify;\">En cas de no estar d&#8217;acord amb la gesti\u00f3 realitzada amb les seues dades de car\u00e0cter personal per SATTUi, pot vost\u00e8 presentar una reclamaci\u00f3 davant l&#8217;Ag\u00e8ncia Espanyola de Protecci\u00f3 de Dades (www.aepd.es).<\/p>\n","protected":false},"excerpt":{"rendered":"<div class=\"mh-excerpt\"><p>Si ho desitges, pots fer-nos arribar els teus suggeriments, preguntar-nos dubtes, sol\u00b7licitar-nos informaci\u00f3 sobre el sindicat o el seu funcionament o comunicar-nos la violaci\u00f3 dels <a class=\"mh-excerpt-more\" href=\"https:\/\/sattui.org\/?page_id=196&#038;lang=ca\" title=\"Contacte\">[&#8230;]<\/a><\/p>\n<\/div>","protected":false},"author":1,"featured_media":5,"parent":0,"menu_order":0,"comment_status":"closed","ping_status":"closed","template":"","meta":{"footnotes":""},"class_list":["post-196","page","type-page","status-publish","has-post-thumbnail","hentry"],"_links":{"self":[{"href":"https:\/\/sattui.org\/index.php?rest_route=\/wp\/v2\/pages\/196","targetHints":{"allow":["GET"]}}],"collection":[{"href":"https:\/\/sattui.org\/index.php?rest_route=\/wp\/v2\/pages"}],"about":[{"href":"https:\/\/sattui.org\/index.php?rest_route=\/wp\/v2\/types\/page"}],"author":[{"embeddable":true,"href":"https:\/\/sattui.org\/index.php?rest_route=\/wp\/v2\/users\/1"}],"replies":[{"embeddable":true,"href":"https:\/\/sattui.org\/index.php?rest_route=%2Fwp%2Fv2%2Fcomments&post=196"}],"version-history":[{"count":8,"href":"https:\/\/sattui.org\/index.php?rest_route=\/wp\/v2\/pages\/196\/revisions"}],"predecessor-version":[{"id":392,"href":"https:\/\/sattui.org\/index.php?rest_route=\/wp\/v2\/pages\/196\/revisions\/392"}],"wp:featuredmedia":[{"embeddable":true,"href":"https:\/\/sattui.org\/index.php?rest_route=\/wp\/v2\/media\/5"}],"wp:attachment":[{"href":"https:\/\/sattui.org\/index.php?rest_route=%2Fwp%2Fv2%2Fmedia&parent=196"}],"curies":[{"name":"wp","href":"https:\/\/api.w.org\/{rel}","templated":true}]}}