{"id":10,"date":"2018-09-18T16:57:40","date_gmt":"2018-09-18T16:57:40","guid":{"rendered":"https:\/\/sattui.org\/?page_id=10"},"modified":"2024-04-10T12:00:21","modified_gmt":"2024-04-10T12:00:21","slug":"contacto","status":"publish","type":"page","link":"https:\/\/sattui.org\/?page_id=10","title":{"rendered":"Contacto"},"content":{"rendered":"<p style=\"text-align: justify;\">Si lo deseas, puedes hacernos llegar tus sugerencias, preguntarnos dudas, solicitarnos informaci\u00f3n sobre el sindicato o su funcionamiento o comunicarnos la violaci\u00f3n de los derechos de alg\u00fan trabajador escribi\u00e9ndonos a la direcci\u00f3n de correo electr\u00f3nico: <a href=\"mailto:sattui@sattui.org\">sattui@sattui.org<\/a>.<\/p>\n<p style=\"text-align: justify;\">Podemos quedar contigo en tu lugar de trabajo, en cualquier lugar cercano al mismo o en alguna de las cafeterias cercanas para resolver tus dudas y ayudarte.<\/p>\n<p style=\"text-align: justify;\">Si quieres afiliarte accede a nuestra <a href=\"https:\/\/sattui.org\/?page_id=301\">p\u00e1gina de afiliaci\u00f3n<\/a>.<\/p>\n<p style=\"text-align: justify;\">El equipo de SATTUi.<\/p>\n<hr \/>\n<h3>Sedes de SATTUi en la Comunidad Valenciana<\/h3>\n<p><strong>SATTUi en la Universitat de Val\u00e8ncia &#8211; Estudi General (UVEG)<\/strong><br \/>\nLocales Sindicales (al lado de la Facultad de Psicolog\u00eda), despacho n\u00ba 5.<br \/>\nAv. de Blasco Ib\u00e1\u00f1ez, n\u00ba 21.<br \/>\n46010 &#8211; Valencia<br \/>\nTelf.: 96 386 49 59 \u2013 722 23 08 04<br \/>\nCorreo electr\u00f3nico: sattui@uv.es<\/p>\n<p><strong>SATTUi en la Universitat Polit\u00e8cnica de Val\u00e8ncia (UPV)<\/strong><br \/>\nLocales Sindicales (edificio 8H)<br \/>\nCamino de Vera S\/N<br \/>\n46022 &#8211; Valencia<br \/>\nTel. 67.39.38.36.1 (Desde dentro de la UPV es la extensi\u00f3n 10025)<br \/>\nCorreo electr\u00f3nico: sattui@upv.es<\/p>\n<p><strong>SATTUi Campa\u00f1a antiguo personal becario<\/strong><br \/>\nTelf.: 96 386 49 59 &#8211; 722 23 08 04<br \/>\nCorreo electr\u00f3nico: sattuiab@uv.es<\/p>\n<hr \/>\n<h3>Informaci\u00f3n b\u00e1sica sobre protecci\u00f3n de datos<\/h3>\n<p style=\"text-align: justify;\">Los datos facilitados solamente se utilizar\u00e1n para responder a tu solicitud.<\/p>\n<p style=\"text-align: justify;\">Responsable: <strong>SATTUi. CIF: G40510562. <\/strong><\/p>\n<p style=\"text-align: justify;\">Finalidad: <strong>Atender su solicitud o consulta. <\/strong><\/p>\n<p style=\"text-align: justify;\">Legitimaci\u00f3n: <strong>Consentimiento. <\/strong><\/p>\n<p style=\"text-align: justify;\">Destinatarios: <strong>No se ceder\u00e1n sus datos a terceros sin el consentimiento del interesado salvo obligaci\u00f3n legal. <\/strong><\/p>\n<p style=\"text-align: justify;\">Derechos: <strong>Acceso, rectificaci\u00f3n, supresi\u00f3n, oposici\u00f3n y limitaci\u00f3n del tratamiento. <\/strong><\/p>\n<p style=\"text-align: justify;\">Conforme al Reglamento General de Protecci\u00f3n de Datos 2016\/679 (RGPD) del Parlamento Europeo y del Consejo de 27 de abril de 2016, que entr\u00f3 en vigor el 25 de mayo de 2018 le informamos que los datos proporcionados se almacenar\u00e1n en un fichero de datos a nombre de SATTUi, con CIF G40510562 y que ha sido creado exclusivamente con el fin de poder prestarle nuestros servicios sindicales. No se ceder\u00e1n sus datos a terceros, salvo que as\u00ed lo exijan las leyes.<\/p>\n<p style=\"text-align: justify;\">Los datos de caracter personal que usted nos comunique servir\u00e1n \u00daNICAMENTE para responder dudas, resolver incidencias o informarle sobre nuestros servicios y no se almacenar\u00e1n en nuestros sistemas m\u00e1s tiempo del que resulte necesario para resolver su solicitud.<\/p>\n<p style=\"text-align: justify;\">Esta web y los servicios de correo electr\u00f3nico que utilizamos, est\u00e1n alojados en Infoclick S.L., quien cumple con el RGPD conforme a lo establecido por la Uni\u00f3n Europea.<\/p>\n<p style=\"text-align: justify;\">Puede ejercitar los derechos de acceso, rectificaci\u00f3n, supresi\u00f3n, oposici\u00f3n y limitaci\u00f3n del tratamiento a trav\u00e9s de la cuenta de correo electr\u00f3nico <a href=\"mailto:rgpd@sattui.org\">rgpd@sattui.org<\/a><\/p>\n<p style=\"text-align: justify;\">En caso de no estar conforme con la gesti\u00f3n realizada con sus datos de car\u00e1cter personal por SATTUi, puede usted presentar una reclamaci\u00f3n ante la Agencia Espa\u00f1ola de Protecci\u00f3n de Datos (www.aepd.es).<\/p>\n","protected":false},"excerpt":{"rendered":"<div class=\"mh-excerpt\"><p>Si lo deseas, puedes hacernos llegar tus sugerencias, preguntarnos dudas, solicitarnos informaci\u00f3n sobre el sindicato o su funcionamiento o comunicarnos la violaci\u00f3n de los derechos <a class=\"mh-excerpt-more\" href=\"https:\/\/sattui.org\/?page_id=10\" title=\"Contacto\">[&#8230;]<\/a><\/p>\n<\/div>","protected":false},"author":1,"featured_media":5,"parent":0,"menu_order":0,"comment_status":"closed","ping_status":"closed","template":"","meta":{"footnotes":""},"class_list":["post-10","page","type-page","status-publish","has-post-thumbnail","hentry"],"_links":{"self":[{"href":"https:\/\/sattui.org\/index.php?rest_route=\/wp\/v2\/pages\/10","targetHints":{"allow":["GET"]}}],"collection":[{"href":"https:\/\/sattui.org\/index.php?rest_route=\/wp\/v2\/pages"}],"about":[{"href":"https:\/\/sattui.org\/index.php?rest_route=\/wp\/v2\/types\/page"}],"author":[{"embeddable":true,"href":"https:\/\/sattui.org\/index.php?rest_route=\/wp\/v2\/users\/1"}],"replies":[{"embeddable":true,"href":"https:\/\/sattui.org\/index.php?rest_route=%2Fwp%2Fv2%2Fcomments&post=10"}],"version-history":[{"count":23,"href":"https:\/\/sattui.org\/index.php?rest_route=\/wp\/v2\/pages\/10\/revisions"}],"predecessor-version":[{"id":391,"href":"https:\/\/sattui.org\/index.php?rest_route=\/wp\/v2\/pages\/10\/revisions\/391"}],"wp:featuredmedia":[{"embeddable":true,"href":"https:\/\/sattui.org\/index.php?rest_route=\/wp\/v2\/media\/5"}],"wp:attachment":[{"href":"https:\/\/sattui.org\/index.php?rest_route=%2Fwp%2Fv2%2Fmedia&parent=10"}],"curies":[{"name":"wp","href":"https:\/\/api.w.org\/{rel}","templated":true}]}}